{"id":1753,"date":"2025-12-12T16:50:02","date_gmt":"2025-12-12T14:50:02","guid":{"rendered":"https:\/\/petpassid.com\/?page_id=1753"},"modified":"2025-12-12T17:00:56","modified_gmt":"2025-12-12T15:00:56","slug":"warranty","status":"publish","type":"page","link":"https:\/\/petpassid.com\/it\/warranty\/","title":{"rendered":"Garanzia"},"content":{"rendered":"<h2 class=\"wp-block-heading\">Garanzia legale (diritti previsti dalla legge) vs. garanzia commerciale<\/h2>\n\n\n\n<p>I prodotti Pet Pass ID sono coperti dalla <strong>garanzia legale (diritti legali del consumatore)<\/strong> applicabile secondo le norme austriache\/UE in materia di consumo. Questo vuol dire che il prodotto deve essere <strong>intatto e funzionante al momento della consegna<\/strong> (consegna\/arrivo).<\/p>\n\n\n\n<p class=\"translation-block\">Non diamo nessuna garanzia commerciale extra, a meno che non sia scritto chiaramente su una pagina specifica del prodotto.<\/p>\n\n\n\n<h2 class=\"wp-block-heading\">Cosa copre la garanzia legale<\/h2>\n\n\n\n<p>La garanzia legale copre <strong>difetti di fabbricazione<\/strong> e <strong>difetti materiali<\/strong> che ci sono <strong>al momento della consegna<\/strong> e impediscono al prodotto di funzionare come dovrebbe se usato normalmente e nel modo giusto.<\/p>\n\n\n\n<p>Se il tuo tag arriva <strong>danneggiato<\/strong> o <strong>non funziona<\/strong>, ti chiediamo di contattarci subito cos\u00ec possiamo risolvere il problema in fretta.<\/p>\n\n\n\n<h2 class=\"wp-block-heading\">Cosa non \u00e8 coperto<\/h2>\n\n\n\n<p>Pet Pass ID viene usato dagli animali nelle loro attivit\u00e0 di tutti i giorni (correre, giocare, grattarsi, masticare, cespugli\/recinzioni, acqua, fango, urti). Per questo, possono verificarsi diversi tipi di danni dove viene utilizzato. <strong>non dimostrabile in modo affidabile<\/strong> Quale forza esterna ha causato il problema.<\/p>\n\n\n\n<p>Per questo motivo, la garanzia legale non <strong>non<\/strong> coprire i danni o i guasti causati da <strong>impatto esterno<\/strong>, <strong>usura<\/strong>, oppure <strong>uso improprio<\/strong>, tra cui (elenco non esaustivo):<\/p>\n\n\n\n<ul class=\"wp-block-list\">\n<li><strong>Danni causati da morsi o masticazioni<\/strong> (il tuo animale o un altro cane)<\/li>\n\n\n\n<li><strong>Intoppo<\/strong> su cespugli, recinti, rami, catene o se qualcuno tira forte all'improvviso mentre giochi<\/li>\n\n\n\n<li><strong>Crepe, rotture, deformazioni<\/strong> causato da urti, trazioni o forze meccaniche<\/li>\n\n\n\n<li><strong>Graffi, abrasioni, danni superficiali<\/strong> e normali segni di utilizzo<\/li>\n\n\n\n<li><strong>Danni causati da un altro tag<\/strong>, soprattutto un <strong>metallo<\/strong> tag che colpisce\/sfrega contro di esso<\/li>\n\n\n\n<li><strong>Danni causati dall'acqua \/ infiltrazioni di umidit\u00e0<\/strong> se era preceduto da <strong>danno esterno<\/strong> (crepa, rottura, graffio profondo, deformazione)<\/li>\n\n\n\n<li><strong>Allegato sbagliato<\/strong> o da usare con <strong>collari\/accessori non compatibili<\/strong><\/li>\n\n\n\n<li><strong>Perdita<\/strong> (il cartellino si stacca, scompare, viene strappato via)<\/li>\n\n\n\n<li>Qualsiasi <strong>modifica<\/strong> o <strong>uso improprio<\/strong><\/li>\n<\/ul>\n\n\n\n<h2 class=\"wp-block-heading\">Consigli importanti per l'uso (per evitare danni)<\/h2>\n\n\n\n<h3 class=\"wp-block-heading\">Versione in silicone con collare scorrevole<\/h3>\n\n\n\n<p>Per una durata maggiore, ti consigliamo di usare questa versione solo con collari fino a:<\/p>\n\n\n\n<ul class=\"wp-block-list\">\n<li><strong>Larghezza massima del collare:<\/strong> 2,0 cm<\/li>\n\n\n\n<li><strong>Spessore massimo del collare:<\/strong> 0,5 cm<\/li>\n<\/ul>\n\n\n\n<p><strong>Importante:<\/strong> il tag dovrebbe <strong>non essere sempre stressato<\/strong> sul collare. Se lo metti su un collare troppo largo o troppo spesso, la fascia in silicone pu\u00f2 rimanere sempre tesa. Con il tempo, una tensione eccessiva continua pu\u00f2 portare a <strong>affaticamento del materiale<\/strong> e alla fine <strong>crepe\/strappi<\/strong>.<\/p>\n\n\n\n<p>Questo \u00e8 un rischio normale che si corre quando si ha un animale domestico e si pu\u00f2 evitare soprattutto scegliendo un <strong>misura del collare compatibile<\/strong> e assicurarsi che l'etichetta sia posizionata correttamente <strong>senza stress<\/strong>.<\/p>\n\n\n\n<h3 class=\"wp-block-heading\">Versione da appendere (anello)<\/h3>\n\n\n\n<p>Lo facciamo <strong>non<\/strong> Si consiglia di mettere l'etichetta Pet Pass ID proprio accanto a un'altra etichetta, specialmente una <strong>metallo<\/strong> tag. Se ci sono contatti e sfregamenti continui, potrebbero esserci graffi e danni alla superficie, che poi potrebbero causare problemi di funzionamento o legati all'umidit\u00e0.<\/p>\n\n\n\n<p>I danni causati dal contatto con altri tag sono considerati <strong>impatto esterno<\/strong> e non \u00e8 coperto dalla garanzia legale.<\/p>\n\n\n\n<h2 class=\"wp-block-heading\">Dove chiedere assistenza in garanzia<\/h2>\n\n\n\n<h3 class=\"wp-block-heading\">Se hai comprato da un rivenditore \/ negozio partner<\/h3>\n\n\n\n<p>Lo facciamo <strong>non<\/strong> offrono \u201cassistenza in garanzia internazionale\u201d per gli acquisti fatti tramite venditori terzi. Se hai comprato da un rivenditore o da un partner, devi contattare il <strong>azienda da cui hai comprato<\/strong> e organizza la procedura di garanzia con loro secondo i loro termini e le regole locali per i consumatori.<\/p>\n\n\n\n<h3 class=\"wp-block-heading\">Se hai comprato direttamente da petpassid.com<\/h3>\n\n\n\n<p>Possiamo occuparci delle richieste di garanzia\/diritti legali solo per i prodotti che hai comprato. <strong>direttamente da noi tramite petpassid.com<\/strong>. Potremmo chiederti di darci una prova d'acquisto (come una fattura o una conferma d'ordine).<\/p>\n\n\n\n<h2 class=\"wp-block-heading\">Come segnalare un problema (elaborazione veloce)<\/h2>\n\n\n\n<p>Per aiutarci a risolvere velocemente la tua richiesta, mandaci:<\/p>\n\n\n\n<ul class=\"wp-block-list\">\n<li>Il tuo <strong>numero d'ordine<\/strong> o <strong>fattura<\/strong><\/li>\n\n\n\n<li><strong>2\u20133 foto<\/strong> della targhetta (primo piano + come \u00e8 attaccata al collare)<\/li>\n\n\n\n<li>Una breve descrizione: quando \u00e8 stato consegnato, quando \u00e8 sorto il problema e come \u00e8 stato utilizzato (larghezza\/spessore del collare per la versione in silicone)<\/li>\n<\/ul>\n\n\n\n<p>In alcuni casi, potremmo chiederti di <strong>restituisci il tag<\/strong> per farci dare un'occhiata e per sviluppare meglio il prodotto (cos\u00ec possiamo migliorare le versioni future).<\/p>\n\n\n\n<h2 class=\"wp-block-heading\">Sostituzione gratuita entro 60 giorni (sconto 50%)<\/h2>\n\n\n\n<p>Se hai preso il tuo tag direttamente da <strong>petpassid.com<\/strong> e diventa <strong>danneggiato o inutilizzabile entro 60 giorni<\/strong> di consegna, offriamo un <strong>sconto per sostituzione di buona volont\u00e0<\/strong> anche se il caso \u00e8 <strong>non<\/strong> coperti dalla garanzia legale (ad esempio, danni esterni causati dallo stile di vita degli animali domestici).<\/p>\n\n\n\n<ul class=\"wp-block-list\">\n<li><strong>Vantaggio:<\/strong> Sconto di 50% sul prezzo del tuo prossimo tag (una volta sola, per l'acquisto in questione)<\/li>\n\n\n\n<li><strong>Requisito:<\/strong> foto che mostra il cartellino danneggiato<\/li>\n\n\n\n<li><strong>Richiesta possibile:<\/strong> In alcuni casi potremmo chiederti di restituire l'etichetta danneggiata per fare delle analisi e migliorare il prodotto.<\/li>\n<\/ul>\n\n\n\n<p>Questo sconto di cortesia di 60 giorni \u00e8 un'offerta di assistenza clienti che facciamo di nostra iniziativa e non <strong>non<\/strong> limitare o sostituire i tuoi diritti legali di consumatore.<\/p>","protected":false},"excerpt":{"rendered":"<p>Legal Warranty (Statutory Rights) vs. Commercial Warranty Pet Pass ID products are covered by the legal warranty (statutory consumer rights) applicable under Austrian\/EU consumer rules. This means the product must be intact and functional at the moment of delivery (handover\/arrival). We do not provide an additional commercial warranty (\u201cguarantee\u201d) unless a specific product page explicitly [&hellip;]<\/p>\n","protected":false},"author":1,"featured_media":165,"parent":0,"menu_order":0,"comment_status":"closed","ping_status":"closed","template":"","meta":{"_seopress_robots_primary_cat":"","_seopress_titles_title":"","_seopress_titles_desc":"","_seopress_robots_index":"","footnotes":""},"class_list":["post-1753","page","type-page","status-publish","has-post-thumbnail","hentry"],"_links":{"self":[{"href":"https:\/\/petpassid.com\/it\/wp-json\/wp\/v2\/pages\/1753","targetHints":{"allow":["GET"]}}],"collection":[{"href":"https:\/\/petpassid.com\/it\/wp-json\/wp\/v2\/pages"}],"about":[{"href":"https:\/\/petpassid.com\/it\/wp-json\/wp\/v2\/types\/page"}],"author":[{"embeddable":true,"href":"https:\/\/petpassid.com\/it\/wp-json\/wp\/v2\/users\/1"}],"replies":[{"embeddable":true,"href":"https:\/\/petpassid.com\/it\/wp-json\/wp\/v2\/comments?post=1753"}],"version-history":[{"count":2,"href":"https:\/\/petpassid.com\/it\/wp-json\/wp\/v2\/pages\/1753\/revisions"}],"predecessor-version":[{"id":1756,"href":"https:\/\/petpassid.com\/it\/wp-json\/wp\/v2\/pages\/1753\/revisions\/1756"}],"wp:featuredmedia":[{"embeddable":true,"href":"https:\/\/petpassid.com\/it\/wp-json\/wp\/v2\/media\/165"}],"wp:attachment":[{"href":"https:\/\/petpassid.com\/it\/wp-json\/wp\/v2\/media?parent=1753"}],"curies":[{"name":"wp","href":"https:\/\/api.w.org\/{rel}","templated":true}]}}