{"id":1774,"date":"2025-12-18T18:02:45","date_gmt":"2025-12-18T16:02:45","guid":{"rendered":"https:\/\/petpassid.com\/?post_type=product&#038;p=1774"},"modified":"2025-12-18T20:04:56","modified_gmt":"2025-12-18T18:04:56","slug":"pet-pass-id-smart-tag-with-airtag-slot-2x-wooden-puzzle-dachshund","status":"publish","type":"product","link":"https:\/\/petpassid.com\/hu\/termek\/pet-pass-id-smart-tag-with-airtag-slot-2x-wooden-puzzle-dachshund\/","title":{"rendered":"2x Pet Pass ID - Smart Kis\u00e1llatbil\u00e9ta AirTag tokkal + Fa Puzzle Tacsk\u00f3"},"content":{"rendered":"<h3><strong>2x Pet Pass ID \u2013 Smart Pet Tag with AirTag Slot<\/strong><\/h3>\n<p><em>Nyugalom. B\u00e1rhol is van a kedvenced.<\/em><\/p>\n<h4><strong>Mi\u00e9rt v\u00e1laszd a Pet Pass ID-t?<\/strong><\/h4>\n<p>Amikor elt\u0171nik a kis\u00e1llatod, minden m\u00e1sodperc sz\u00e1m\u00edt.<br \/>\nAz \u00faj <strong>AirTaggel b\u0151v\u00edthet\u0151 Pet Pass ID<\/strong> seg\u00edt gyorsabb hazajut\u00e1sban \u2013 AirTag nyomk\u00f6vet\u00e9ssel vagy an\u00e9lk\u00fcl.<\/p>\n<p>Ez az okosbil\u00e9ta <strong>NFC<\/strong>, <strong>QR-k\u00f3d<\/strong>, \u00e9s <strong>opcion\u00e1lis AirTag b\u0151v\u00edt\u00e9ssel<\/strong> seg\u00edt elveszett kiskedvenced gyors beazonos\u00edt\u00e1s\u00e1ban.<\/p>\n<h4><strong>F\u0151bb jellemz\u0151k<\/strong><\/h4>\n<p>\u2705 <strong>3 az 1-ben technol\u00f3gia<\/strong>: NFC + QR + AirTag-ready<br \/>\n\u2705 <strong>B\u00e1rmilyen okostelefonnal m\u0171k\u00f6dik<\/strong> - nincs sz\u00fcks\u00e9g applik\u00e1ci\u00f3ra<br \/>\n\u2705 <strong>Azonnali hozz\u00e1f\u00e9r\u00e9s az el\u00e9rhet\u0151s\u00e9gedhez<\/strong> \u00e9s v\u00e9szhelyzeti inform\u00e1ci\u00f3khoz<br \/>\n\u2705 <strong>Testreszabhat\u00f3 kis\u00e1llat profil<\/strong> - fot\u00f3, orvosi adatok, olt\u00e1si kisk\u00f6nyv<br \/>\n\u2705 <strong>V\u00edz\u00e1ll\u00f3 \u00e9s elemmentes<\/strong> - soha nem mer\u00fcl le<br \/>\n\u2705 <strong>Vil\u00e1g\u00edt a s\u00f6t\u00e9tben<\/strong> - biztons\u00e1gos \u00e9jszakai s\u00e9t\u00e1khoz<br \/>\n\u2705 <strong>Linkeld be a h\u00e1zi\u00e1llatod Instagram vagy TikTok oldal\u00e1t<\/strong><br \/>\n\u2705 <strong>Helymegoszt\u00e1s<\/strong> amikor az AirTag be van helyezve*<\/p>\n<blockquote><p>*AirTag nem tartalmazza. A c\u00edmke an\u00e9lk\u00fcl is m\u0171k\u00f6dik.<\/p><\/blockquote>\n<p>K\u00e9rj\u00fck, olvasd el a <a href=\"https:\/\/petpassid.com\/hu\/frequently-asked-questions\/\">GYIK<\/a> \u00e9s <a href=\"https:\/\/petpassid.com\/hu\/warranty\/\">Garancia<\/a> szakaszt haszn\u00e1lat el\u0151tt.<\/p>\n<p><a href=\"https:\/\/petpassid.com\/wp-content\/uploads\/2025\/06\/pet-pass-id-airtag.webp\"><img loading=\"lazy\" decoding=\"async\" class=\"alignnone wp-image-1701\" src=\"https:\/\/petpassid.com\/wp-content\/uploads\/2025\/06\/pet-pass-id-airtag.webp\" alt=\"\" width=\"571\" height=\"571\" srcset=\"https:\/\/petpassid.com\/wp-content\/uploads\/2025\/06\/pet-pass-id-airtag.webp 1000w, https:\/\/petpassid.com\/wp-content\/uploads\/2025\/06\/pet-pass-id-airtag-300x300.webp 300w, https:\/\/petpassid.com\/wp-content\/uploads\/2025\/06\/pet-pass-id-airtag-150x150.webp 150w, https:\/\/petpassid.com\/wp-content\/uploads\/2025\/06\/pet-pass-id-airtag-768x768.webp 768w, https:\/\/petpassid.com\/wp-content\/uploads\/2025\/06\/pet-pass-id-airtag-12x12.webp 12w, https:\/\/petpassid.com\/wp-content\/uploads\/2025\/06\/pet-pass-id-airtag-600x600.webp 600w, https:\/\/petpassid.com\/wp-content\/uploads\/2025\/06\/pet-pass-id-airtag-100x100.webp 100w\" sizes=\"auto, (max-width: 571px) 100vw, 571px\" \/><\/a><\/p>\n<h4><strong>T\u00f6bbet tud, mint egy mikrochip<\/strong><\/h4>\n<p>A hagyom\u00e1nyos chipet csak \u00e1llatorvos tudja leolvasni \u2013 a Pet Pass ID viszont b\u00e1rmelyik okostelefonnal beolvashat\u00f3.<\/p>\n<p>Aki megtal\u00e1lja a kuty\u00e1d, azonnal l\u00e1tja az el\u00e9rhet\u0151s\u00e9geidet \u00e9s fontos eg\u00e9szs\u00e9g\u00fcgyi inform\u00e1ci\u00f3kat \u2013 legyen az a parkban, utc\u00e1n vagy ak\u00e1r \u00e9jszaka.<\/p>\n<p>&nbsp;<\/p>\n<h2 data-start=\"0\" data-end=\"91\">Colorful Dachshund Wooden Puzzle Toy<\/h2>\n<p data-start=\"0\" data-end=\"91\">\u2013 Creative Play for Little Dog Lovers \ud83d\udc36\ud83e\udde9<\/p>\n<p data-start=\"93\" data-end=\"382\">Bring color, creativity, and a love for dogs into playtime with this charming <strong data-start=\"171\" data-end=\"211\">Colorful Dachshund Wooden Puzzle Toy<\/strong>. Designed in the shape of a playful dachshund and printed with vibrant, eye-catching colors, this puzzle is perfect for children aged 3+ and for anyone who adores dogs.<\/p>\n<p data-start=\"384\" data-end=\"657\">Made from <strong data-start=\"394\" data-end=\"413\">durable plywood<\/strong>, the puzzle pieces are smooth, sturdy, and comfortable for little hands to hold. As children assemble the dachshund, they naturally develop their <strong data-start=\"560\" data-end=\"654\">fine motor skills, hand-eye coordination, shape recognition, and problem-solving abilities<\/strong>.<\/p>\n<p data-start=\"659\" data-end=\"901\">With its <strong data-start=\"668\" data-end=\"694\">compact 14.2 x 14.2 cm<\/strong> size, it\u2019s ideal for at-home play, travel, or as a calming activity before bedtime. It also makes a <strong data-start=\"795\" data-end=\"829\">thoughtful gift for dog lovers<\/strong> \u2013 both kids and adults will enjoy the playful design and rich colors.<\/p>\n<h3 data-start=\"903\" data-end=\"917\">Features<\/h3>\n<ul data-start=\"918\" data-end=\"1260\">\n<li data-start=\"918\" data-end=\"984\">\n<p data-start=\"920\" data-end=\"984\">\ud83d\udc3e <strong data-start=\"923\" data-end=\"951\">Adorable dachshund shape<\/strong> \u2013 perfect for young dog lovers<\/p>\n<\/li>\n<li data-start=\"985\" data-end=\"1062\">\n<p data-start=\"987\" data-end=\"1062\">\ud83c\udfa8 <strong data-start=\"990\" data-end=\"1015\">Vibrant, mixed colors<\/strong> that capture attention and make puzzling fun<\/p>\n<\/li>\n<li data-start=\"1063\" data-end=\"1135\">\n<p data-start=\"1065\" data-end=\"1135\">\ud83e\udde0 Supports <strong data-start=\"1077\" data-end=\"1109\">fine motor skill development<\/strong> \u00e9s <strong data-start=\"1114\" data-end=\"1133\">problem-solving<\/strong><\/p>\n<\/li>\n<li data-start=\"1136\" data-end=\"1198\">\n<p data-start=\"1138\" data-end=\"1198\">\ud83c\udf31 <strong data-start=\"1141\" data-end=\"1165\">High-quality plywood<\/strong> for a sturdy, long-lasting toy<\/p>\n<\/li>\n<li data-start=\"1199\" data-end=\"1260\">\n<p data-start=\"1201\" data-end=\"1260\">\ud83c\udf81 Great as a <strong data-start=\"1215\" data-end=\"1258\">birthday, holiday, or christmas gift<\/strong><\/p>\n<\/li>\n<\/ul>\n<h3 data-start=\"1262\" data-end=\"1282\">Specifications<\/h3>\n<ul data-start=\"1283\" data-end=\"1393\">\n<li data-start=\"1283\" data-end=\"1310\">\n<p data-start=\"1285\" data-end=\"1310\">Major Material: Plywood<\/p>\n<\/li>\n<li data-start=\"1311\" data-end=\"1345\">\n<p data-start=\"1313\" data-end=\"1345\">Applicable Age Group: 3 Years+<\/p>\n<\/li>\n<li data-start=\"1346\" data-end=\"1368\">\n<p data-start=\"1348\" data-end=\"1368\">Color: Mixed Color<\/p>\n<\/li>\n<li data-start=\"1369\" data-end=\"1393\">\n<p data-start=\"1371\" data-end=\"1393\">Size: 14.2 x 14.2 cm<\/p>\n<\/li>\n<\/ul>\n<p data-start=\"1395\" data-end=\"1515\" data-is-last-node=\"\" data-is-only-node=\"\">A playful, sturdy, and educational little puzzle \u2013 ideal for children and a cute addition to any dog lover\u2019s collection.<\/p>\n<p>&nbsp;<\/p>\n<p>&nbsp;<\/p>\n<p>&nbsp;<\/p>\n<p>The package (box) contains 2 boxes of Pet Pass ID Smart Tag with AirTag Slot + 1 Wooden Puzzle<\/p>","protected":false},"excerpt":{"rendered":"<p>2x Pet Pass ID \u2013 Smart Pet Tag with AirTag Slot Peace of mind \u2013 always with your pet. Why choose Pet Pass ID? When your pet goes missing, every second counts. The new Pet Pass ID with AirTag slot helps reunite you faster \u2013 with or without GPS tracking. This smart tag combines NFC, [&hellip;]<\/p>\n","protected":false},"featured_media":1781,"comment_status":"open","ping_status":"closed","template":"","meta":{"_seopress_robots_primary_cat":"none","_seopress_titles_title":"Pet Pass ID - Smart Tag with AirTag Slot 2x + Wooden Puzzle Dachshund","_seopress_titles_desc":"Unlike a chip that requires a vet to scan, Pet Pass ID can be read by any smartphone. Who finds a pet can instantly see contact and safety info 0-24.","_seopress_robots_index":""},"product_brand":[],"product_cat":[20],"product_tag":[39,22,24,23,21],"class_list":{"0":"post-1774","1":"product","2":"type-product","3":"status-publish","4":"has-post-thumbnail","6":"product_cat-safety-pet-billet","7":"product_tag-airtag","8":"product_tag-billet","9":"product_tag-digital","10":"product_tag-nfc","11":"product_tag-pet","13":"first","14":"instock","15":"sale","16":"taxable","17":"shipping-taxable","18":"purchasable","19":"product-type-simple"},"_links":{"self":[{"href":"https:\/\/petpassid.com\/hu\/wp-json\/wp\/v2\/product\/1774","targetHints":{"allow":["GET"]}}],"collection":[{"href":"https:\/\/petpassid.com\/hu\/wp-json\/wp\/v2\/product"}],"about":[{"href":"https:\/\/petpassid.com\/hu\/wp-json\/wp\/v2\/types\/product"}],"replies":[{"embeddable":true,"href":"https:\/\/petpassid.com\/hu\/wp-json\/wp\/v2\/comments?post=1774"}],"wp:featuredmedia":[{"embeddable":true,"href":"https:\/\/petpassid.com\/hu\/wp-json\/wp\/v2\/media\/1781"}],"wp:attachment":[{"href":"https:\/\/petpassid.com\/hu\/wp-json\/wp\/v2\/media?parent=1774"}],"wp:term":[{"taxonomy":"product_brand","embeddable":true,"href":"https:\/\/petpassid.com\/hu\/wp-json\/wp\/v2\/product_brand?post=1774"},{"taxonomy":"product_cat","embeddable":true,"href":"https:\/\/petpassid.com\/hu\/wp-json\/wp\/v2\/product_cat?post=1774"},{"taxonomy":"product_tag","embeddable":true,"href":"https:\/\/petpassid.com\/hu\/wp-json\/wp\/v2\/product_tag?post=1774"}],"curies":[{"name":"wp","href":"https:\/\/api.w.org\/{rel}","templated":true}]}}