{"id":1638,"date":"2025-06-09T10:30:26","date_gmt":"2025-06-09T08:30:26","guid":{"rendered":"https:\/\/petpassid.com\/?post_type=product&#038;p=1638"},"modified":"2026-01-17T12:39:52","modified_gmt":"2026-01-17T10:39:52","slug":"pet-pass-id-smart-tag-with-airtag-slot","status":"publish","type":"product","link":"https:\/\/petpassid.com\/hu\/termek\/pet-pass-id-smart-tag-with-airtag-slot\/","title":{"rendered":"Pet Pass ID \u2013 Smart Kis\u00e1llatbil\u00e9ta AirTag tokkal"},"content":{"rendered":"<h3><strong>Pet Pass ID - Smart Kis\u00e1llatbil\u00e9ta AirTag tart\u00f3val<\/strong><\/h3>\n<p><em>Nyugalom. B\u00e1rhol is van a kedvenced.<\/em><\/p>\n<h4><strong>Mi\u00e9rt v\u00e1laszd a Pet Pass ID-t?<\/strong><\/h4>\n<p>Amikor elt\u0171nik a kis\u00e1llatod, minden m\u00e1sodperc sz\u00e1m\u00edt.<br \/>\nAz \u00faj <strong>AirTaggel b\u0151v\u00edthet\u0151 Pet Pass ID<\/strong> seg\u00edt gyorsabb hazajut\u00e1sban \u2013 AirTag nyomk\u00f6vet\u00e9ssel vagy an\u00e9lk\u00fcl.<\/p>\n<p>Ez az okosbil\u00e9ta <strong>NFC<\/strong>, <strong>QR-k\u00f3d<\/strong>, \u00e9s <strong>opcion\u00e1lis AirTag b\u0151v\u00edt\u00e9ssel<\/strong> seg\u00edt elveszett kiskedvenced gyors beazonos\u00edt\u00e1s\u00e1ban.<\/p>\n<h4><strong>F\u0151bb jellemz\u0151k<\/strong><\/h4>\n<p>\u2705 <strong>3 az 1-ben technol\u00f3gia<\/strong>: NFC + QR + AirTag-ready<br \/>\n\u2705 <strong>B\u00e1rmilyen okostelefonnal m\u0171k\u00f6dik<\/strong> - nincs sz\u00fcks\u00e9g applik\u00e1ci\u00f3ra<br \/>\n\u2705 <strong>Azonnali hozz\u00e1f\u00e9r\u00e9s az el\u00e9rhet\u0151s\u00e9gedhez<\/strong> \u00e9s v\u00e9szhelyzeti inform\u00e1ci\u00f3khoz<br \/>\n\u2705 <strong>Testreszabhat\u00f3 kis\u00e1llat profil<\/strong> - fot\u00f3, orvosi adatok, olt\u00e1si kisk\u00f6nyv<br \/>\n\u2705 <strong>V\u00edz\u00e1ll\u00f3 \u00e9s elemmentes<\/strong> - soha nem mer\u00fcl le<br \/>\n\u2705 <strong>Vil\u00e1g\u00edt a s\u00f6t\u00e9tben<\/strong> - biztons\u00e1gos \u00e9jszakai s\u00e9t\u00e1khoz<br \/>\n\u2705 <strong>Linkeld be a h\u00e1zi\u00e1llatod Instagram vagy TikTok oldal\u00e1t<\/strong><br \/>\n\u2705 <strong>Helymegoszt\u00e1s<\/strong> amikor az AirTag be van helyezve*<\/p>\n<blockquote><p>*AirTag nem tartalmazza. A c\u00edmke an\u00e9lk\u00fcl is m\u0171k\u00f6dik.<\/p><\/blockquote>\n<p>&nbsp;<\/p>\n<p><a href=\"https:\/\/petpassid.com\/wp-content\/uploads\/2025\/06\/pet-pass-id-airtag.webp\"><img loading=\"lazy\" decoding=\"async\" class=\"alignnone wp-image-1701 size-full\" src=\"https:\/\/petpassid.com\/wp-content\/uploads\/2025\/06\/pet-pass-id-airtag.webp\" alt=\"\" width=\"1000\" height=\"1000\" srcset=\"https:\/\/petpassid.com\/wp-content\/uploads\/2025\/06\/pet-pass-id-airtag.webp 1000w, https:\/\/petpassid.com\/wp-content\/uploads\/2025\/06\/pet-pass-id-airtag-300x300.webp 300w, https:\/\/petpassid.com\/wp-content\/uploads\/2025\/06\/pet-pass-id-airtag-150x150.webp 150w, https:\/\/petpassid.com\/wp-content\/uploads\/2025\/06\/pet-pass-id-airtag-768x768.webp 768w, https:\/\/petpassid.com\/wp-content\/uploads\/2025\/06\/pet-pass-id-airtag-12x12.webp 12w, https:\/\/petpassid.com\/wp-content\/uploads\/2025\/06\/pet-pass-id-airtag-600x600.webp 600w, https:\/\/petpassid.com\/wp-content\/uploads\/2025\/06\/pet-pass-id-airtag-100x100.webp 100w\" sizes=\"auto, (max-width: 1000px) 100vw, 1000px\" \/><\/a><\/p>\n<h4><strong>T\u00f6bbet tud, mint egy mikrochip<\/strong><\/h4>\n<p>A hagyom\u00e1nyos chipet csak \u00e1llatorvos tudja leolvasni \u2013 a Pet Pass ID viszont b\u00e1rmelyik okostelefonnal beolvashat\u00f3.<\/p>\n<p>Aki megtal\u00e1lja a kuty\u00e1d, azonnal l\u00e1tja az el\u00e9rhet\u0151s\u00e9geidet \u00e9s fontos eg\u00e9szs\u00e9g\u00fcgyi inform\u00e1ci\u00f3kat \u2013 legyen az a parkban, utc\u00e1n vagy ak\u00e1r \u00e9jszaka.<\/p>","protected":false},"excerpt":{"rendered":"<p>Pet Pass ID \u2013 Smart Pet Tag with AirTag Slot Peace of mind \u2013 always with your pet. Why choose Pet Pass ID? When your pet goes missing, every second counts. The new Pet Pass ID with AirTag slot helps reunite you faster \u2013 with or without GPS tracking. This smart tag combines NFC, QR [&hellip;]<\/p>\n","protected":false},"featured_media":1707,"comment_status":"open","ping_status":"closed","template":"","meta":{"_seopress_robots_primary_cat":"none","_seopress_titles_title":"Pet Pass ID - Smart Tag with AirTag Slot + NFC and QR Code","_seopress_titles_desc":"Unlike a chip that requires a vet to scan, Pet Pass ID can be read by any smartphone. Whoho finds a pet can instantly see contact and safety info 0-24.","_seopress_robots_index":""},"product_brand":[],"product_cat":[20],"product_tag":[39,22,24,23,21],"class_list":{"0":"post-1638","1":"product","2":"type-product","3":"status-publish","4":"has-post-thumbnail","6":"product_cat-safety-pet-billet","7":"product_tag-airtag","8":"product_tag-billet","9":"product_tag-digital","10":"product_tag-nfc","11":"product_tag-pet","13":"first","14":"instock","15":"taxable","16":"shipping-taxable","17":"purchasable","18":"product-type-simple"},"_links":{"self":[{"href":"https:\/\/petpassid.com\/hu\/wp-json\/wp\/v2\/product\/1638","targetHints":{"allow":["GET"]}}],"collection":[{"href":"https:\/\/petpassid.com\/hu\/wp-json\/wp\/v2\/product"}],"about":[{"href":"https:\/\/petpassid.com\/hu\/wp-json\/wp\/v2\/types\/product"}],"replies":[{"embeddable":true,"href":"https:\/\/petpassid.com\/hu\/wp-json\/wp\/v2\/comments?post=1638"}],"wp:featuredmedia":[{"embeddable":true,"href":"https:\/\/petpassid.com\/hu\/wp-json\/wp\/v2\/media\/1707"}],"wp:attachment":[{"href":"https:\/\/petpassid.com\/hu\/wp-json\/wp\/v2\/media?parent=1638"}],"wp:term":[{"taxonomy":"product_brand","embeddable":true,"href":"https:\/\/petpassid.com\/hu\/wp-json\/wp\/v2\/product_brand?post=1638"},{"taxonomy":"product_cat","embeddable":true,"href":"https:\/\/petpassid.com\/hu\/wp-json\/wp\/v2\/product_cat?post=1638"},{"taxonomy":"product_tag","embeddable":true,"href":"https:\/\/petpassid.com\/hu\/wp-json\/wp\/v2\/product_tag?post=1638"}],"curies":[{"name":"wp","href":"https:\/\/api.w.org\/{rel}","templated":true}]}}