{"id":1534,"date":"2025-02-26T18:03:46","date_gmt":"2025-02-26T16:03:46","guid":{"rendered":"https:\/\/petpassid.com\/?post_type=product&#038;p=1534"},"modified":"2026-02-22T17:21:13","modified_gmt":"2026-02-22T15:21:13","slug":"pet-pass-id-2in1-friends-pack","status":"publish","type":"product","link":"https:\/\/petpassid.com\/hu\/termek\/pet-pass-id-2in1-friends-pack\/","title":{"rendered":"Pet Pass ID - 2in1 FRIENDS PACK"},"content":{"rendered":"<p>Kutya \u00e9s macska intelligens c\u00edmke NFC-vel \u00e9s QR-k\u00f3ddal a felel\u0151s \u00e1llattart\u00f3k sz\u00e1m\u00e1ra, hogy felt\u00f6lthess\u00e9k a h\u00e1zi\u00e1llatok \u00e9s a tulajdonosok \u00f6sszes fontos inform\u00e1ci\u00f3j\u00e1t.<\/p>","protected":false},"excerpt":{"rendered":"<p>Pet Pass ID - Intelligens c\u00edmke NFC-vel kuty\u00e1ja \u00e9s macsk\u00e1ja sz\u00e1m\u00e1ra.<\/p>\n<p>A csomag 2 db \u00e1llatc\u00edmk\u00e9t tartalmaz.<\/p>","protected":false},"featured_media":1717,"comment_status":"open","ping_status":"closed","template":"","meta":{"_seopress_robots_primary_cat":"none","_seopress_titles_title":"","_seopress_titles_desc":"","_seopress_robots_index":""},"product_brand":[],"product_cat":[20],"product_tag":[22,37,24,36,23,21,38,35],"class_list":{"0":"post-1534","1":"product","2":"type-product","3":"status-publish","4":"has-post-thumbnail","6":"product_cat-safety-pet-billet","7":"product_tag-billet","8":"product_tag-cat","9":"product_tag-digital","10":"product_tag-dog","11":"product_tag-nfc","12":"product_tag-pet","13":"product_tag-pet-tag","14":"product_tag-qr-code","16":"first","17":"instock","18":"sale","19":"taxable","20":"shipping-taxable","21":"purchasable","22":"product-type-simple"},"_links":{"self":[{"href":"https:\/\/petpassid.com\/hu\/wp-json\/wp\/v2\/product\/1534","targetHints":{"allow":["GET"]}}],"collection":[{"href":"https:\/\/petpassid.com\/hu\/wp-json\/wp\/v2\/product"}],"about":[{"href":"https:\/\/petpassid.com\/hu\/wp-json\/wp\/v2\/types\/product"}],"replies":[{"embeddable":true,"href":"https:\/\/petpassid.com\/hu\/wp-json\/wp\/v2\/comments?post=1534"}],"wp:featuredmedia":[{"embeddable":true,"href":"https:\/\/petpassid.com\/hu\/wp-json\/wp\/v2\/media\/1717"}],"wp:attachment":[{"href":"https:\/\/petpassid.com\/hu\/wp-json\/wp\/v2\/media?parent=1534"}],"wp:term":[{"taxonomy":"product_brand","embeddable":true,"href":"https:\/\/petpassid.com\/hu\/wp-json\/wp\/v2\/product_brand?post=1534"},{"taxonomy":"product_cat","embeddable":true,"href":"https:\/\/petpassid.com\/hu\/wp-json\/wp\/v2\/product_cat?post=1534"},{"taxonomy":"product_tag","embeddable":true,"href":"https:\/\/petpassid.com\/hu\/wp-json\/wp\/v2\/product_tag?post=1534"}],"curies":[{"name":"wp","href":"https:\/\/api.w.org\/{rel}","templated":true}]}}