{"id":1767,"date":"2025-12-17T14:43:32","date_gmt":"2025-12-17T12:43:32","guid":{"rendered":"https:\/\/petpassid.com\/?post_type=product&#038;p=1767"},"modified":"2025-12-18T17:38:14","modified_gmt":"2025-12-18T15:38:14","slug":"pet-pass-id-smart-tag-with-airtag-slot-2in1","status":"publish","type":"product","link":"https:\/\/petpassid.com\/fr\/produit\/pet-pass-id-smart-tag-with-airtag-slot-2in1\/","title":{"rendered":"Pet Pass ID - \u00c9tiquette intelligente avec emplacement pour AirTag 2 en 1 PACK AMIS"},"content":{"rendered":"<h3><strong>Pet Pass ID \u2013 \u00c9tiquette intelligente pour animaux avec emplacement pour AirTag 2 en 1 FRIENDS PACK<\/strong><\/h3>\n<p><em>Tranquillit\u00e9 d'esprit - toujours avec ton animal de compagnie.<\/em><\/p>\n<h4><strong>Pourquoi choisir Pet Pass ID ?<\/strong><\/h4>\n<p>Lorsque ton animal de compagnie dispara\u00eet, chaque seconde compte.<br \/>\nLe nouveau <strong>Pet Pass ID avec emplacement AirTag<\/strong> aide \u00e0 vous r\u00e9unir plus rapidement - avec ou sans suivi GPS.<\/p>\n<p>Cette \u00e9tiquette intelligente combine <strong>NFC<\/strong>, <strong>Code QR<\/strong>et <strong>AirTag en option<\/strong> en une seule solution durable et \u00e9l\u00e9gante.<\/p>\n<h4><strong>Caract\u00e9ristiques principales<\/strong><\/h4>\n<p>\u2705 <strong>Technologie 3 en 1<\/strong>: NFC + QR + AirTag-ready<br \/>\n\u2705 <strong>Fonctionne avec n'importe quel smartphone<\/strong> - pas besoin d'application<br \/>\n\u2705 <strong>Acc\u00e8s instantan\u00e9<\/strong> \u00e0 tes coordonn\u00e9es et \u00e0 ton message d'urgence<br \/>\n\u2705 <strong>Profil personnalisable de l'animal<\/strong> - photo, alertes m\u00e9dicales et plus encore<br \/>\n\u2705 <strong>R\u00e9sistant \u00e0 l'eau et sans pile<\/strong> - ne s'\u00e9puise jamais<br \/>\n\u2705 <strong>Brille dans l'obscurit\u00e9<\/strong> - pour des promenades nocturnes en toute s\u00e9curit\u00e9<br \/>\n\u2705 <strong>Relie l'Instagram ou le TikTok de ton animal de compagnie.<\/strong><br \/>\n\u2705 <strong>Partage de l'emplacement<\/strong> lorsque l'AirTag est ins\u00e9r\u00e9*<\/p>\n<blockquote><p>*L'AirTag n'est pas inclus. L'\u00e9tiquette fonctionne aussi sans elle.<\/p><\/blockquote>\n<p>Lis bien le <a href=\"https:\/\/petpassid.com\/fr\/frequently-asked-questions\/\">FAQ<\/a> et <a href=\"https:\/\/petpassid.com\/fr\/warranty\/\">Garantie<\/a> section avant utilisation.<\/p>\n<p><a href=\"https:\/\/petpassid.com\/wp-content\/uploads\/2025\/06\/pet-pass-id-airtag.webp\"><img loading=\"lazy\" decoding=\"async\" class=\"alignnone wp-image-1701 size-full\" src=\"https:\/\/petpassid.com\/wp-content\/uploads\/2025\/06\/pet-pass-id-airtag.webp\" alt=\"\" width=\"1000\" height=\"1000\" srcset=\"https:\/\/petpassid.com\/wp-content\/uploads\/2025\/06\/pet-pass-id-airtag.webp 1000w, https:\/\/petpassid.com\/wp-content\/uploads\/2025\/06\/pet-pass-id-airtag-300x300.webp 300w, https:\/\/petpassid.com\/wp-content\/uploads\/2025\/06\/pet-pass-id-airtag-150x150.webp 150w, https:\/\/petpassid.com\/wp-content\/uploads\/2025\/06\/pet-pass-id-airtag-768x768.webp 768w, https:\/\/petpassid.com\/wp-content\/uploads\/2025\/06\/pet-pass-id-airtag-12x12.webp 12w, https:\/\/petpassid.com\/wp-content\/uploads\/2025\/06\/pet-pass-id-airtag-600x600.webp 600w, https:\/\/petpassid.com\/wp-content\/uploads\/2025\/06\/pet-pass-id-airtag-100x100.webp 100w\" sizes=\"auto, (max-width: 1000px) 100vw, 1000px\" \/><\/a><\/p>\n<h4><strong>Mieux qu'une puce \u00e9lectronique<\/strong><\/h4>\n<p>Contrairement \u00e0 une puce qui doit \u00eatre scann\u00e9e par un v\u00e9t\u00e9rinaire, Pet Pass ID peut \u00eatre lu par n'importe quel smartphone. Toute personne qui trouve ton animal peut instantan\u00e9ment voir tes coordonn\u00e9es et tes informations de s\u00e9curit\u00e9, m\u00eame au parc, dans la rue ou la nuit.<\/p>\n<p>Pas de retard. Pas de stress. Juste de l'aide - tout de suite.<\/p>\n<p>&nbsp;<\/p>\n<p>Le paquet (bo\u00eete) contient 2 pi\u00e8ces de Pet Pass ID - \u00c9tiquette intelligente avec emplacement pour AirTag.<\/p>","protected":false},"excerpt":{"rendered":"<p>Pet Pass ID \u2013 Smart Pet Tag with AirTag Slot 2in1 FRIENDS PACK Peace of mind \u2013 always with your pet. Why choose Pet Pass ID? When your pet goes missing, every second counts. The new Pet Pass ID with AirTag slot helps reunite you faster \u2013 with or without GPS tracking. This smart tag [&hellip;]<\/p>\n","protected":false},"featured_media":1770,"comment_status":"open","ping_status":"closed","template":"","meta":{"_seopress_robots_primary_cat":"none","_seopress_titles_title":"Pet Pass ID - Smart Tag with AirTag Slot + NFC and QR Code","_seopress_titles_desc":"Unlike a chip that requires a vet to scan, Pet Pass ID can be read by any smartphone. Who finds a pet can instantly see contact and safety info 0-24.","_seopress_robots_index":""},"product_brand":[],"product_cat":[20],"product_tag":[39,22,24,23,21],"class_list":{"0":"post-1767","1":"product","2":"type-product","3":"status-publish","4":"has-post-thumbnail","6":"product_cat-safety-pet-billet","7":"product_tag-airtag","8":"product_tag-billet","9":"product_tag-digital","10":"product_tag-nfc","11":"product_tag-pet","13":"first","14":"instock","15":"sale","16":"taxable","17":"shipping-taxable","18":"purchasable","19":"product-type-simple"},"_links":{"self":[{"href":"https:\/\/petpassid.com\/fr\/wp-json\/wp\/v2\/product\/1767","targetHints":{"allow":["GET"]}}],"collection":[{"href":"https:\/\/petpassid.com\/fr\/wp-json\/wp\/v2\/product"}],"about":[{"href":"https:\/\/petpassid.com\/fr\/wp-json\/wp\/v2\/types\/product"}],"replies":[{"embeddable":true,"href":"https:\/\/petpassid.com\/fr\/wp-json\/wp\/v2\/comments?post=1767"}],"wp:featuredmedia":[{"embeddable":true,"href":"https:\/\/petpassid.com\/fr\/wp-json\/wp\/v2\/media\/1770"}],"wp:attachment":[{"href":"https:\/\/petpassid.com\/fr\/wp-json\/wp\/v2\/media?parent=1767"}],"wp:term":[{"taxonomy":"product_brand","embeddable":true,"href":"https:\/\/petpassid.com\/fr\/wp-json\/wp\/v2\/product_brand?post=1767"},{"taxonomy":"product_cat","embeddable":true,"href":"https:\/\/petpassid.com\/fr\/wp-json\/wp\/v2\/product_cat?post=1767"},{"taxonomy":"product_tag","embeddable":true,"href":"https:\/\/petpassid.com\/fr\/wp-json\/wp\/v2\/product_tag?post=1767"}],"curies":[{"name":"wp","href":"https:\/\/api.w.org\/{rel}","templated":true}]}}