{"id":1685,"date":"2025-10-02T08:41:53","date_gmt":"2025-10-02T06:41:53","guid":{"rendered":"https:\/\/petpassid.com\/?post_type=product&#038;p=1685"},"modified":"2026-03-25T18:14:13","modified_gmt":"2026-03-25T16:14:13","slug":"pet-pass-id-smart-tag-with-nfc-new","status":"publish","type":"product","link":"https:\/\/petpassid.com\/fr\/produit\/pet-pass-id-smart-tag-with-nfc-new\/","title":{"rendered":"Pet Pass ID - \u00c9tiquette intelligente avec NFC"},"content":{"rendered":"<p>Tag intelligent pour chien et chat avec NFC pour que les propri\u00e9taires d'animaux responsables puissent t\u00e9l\u00e9charger toutes les informations importantes.<\/p>","protected":false},"excerpt":{"rendered":"<p>Pet Pass ID - Tag intelligent avec NFC pour ton chien et ton chat.<\/p>","protected":false},"featured_media":1719,"comment_status":"open","ping_status":"closed","template":"","meta":{"_seopress_robots_primary_cat":"none","_seopress_titles_title":"","_seopress_titles_desc":"","_seopress_robots_index":""},"product_brand":[],"product_cat":[20],"product_tag":[22,24,23,21],"class_list":{"0":"post-1685","1":"product","2":"type-product","3":"status-publish","4":"has-post-thumbnail","6":"product_cat-safety-pet-billet","7":"product_tag-billet","8":"product_tag-digital","9":"product_tag-nfc","10":"product_tag-pet","12":"first","13":"instock","14":"taxable","15":"shipping-taxable","16":"purchasable","17":"product-type-simple"},"_links":{"self":[{"href":"https:\/\/petpassid.com\/fr\/wp-json\/wp\/v2\/product\/1685","targetHints":{"allow":["GET"]}}],"collection":[{"href":"https:\/\/petpassid.com\/fr\/wp-json\/wp\/v2\/product"}],"about":[{"href":"https:\/\/petpassid.com\/fr\/wp-json\/wp\/v2\/types\/product"}],"replies":[{"embeddable":true,"href":"https:\/\/petpassid.com\/fr\/wp-json\/wp\/v2\/comments?post=1685"}],"wp:featuredmedia":[{"embeddable":true,"href":"https:\/\/petpassid.com\/fr\/wp-json\/wp\/v2\/media\/1719"}],"wp:attachment":[{"href":"https:\/\/petpassid.com\/fr\/wp-json\/wp\/v2\/media?parent=1685"}],"wp:term":[{"taxonomy":"product_brand","embeddable":true,"href":"https:\/\/petpassid.com\/fr\/wp-json\/wp\/v2\/product_brand?post=1685"},{"taxonomy":"product_cat","embeddable":true,"href":"https:\/\/petpassid.com\/fr\/wp-json\/wp\/v2\/product_cat?post=1685"},{"taxonomy":"product_tag","embeddable":true,"href":"https:\/\/petpassid.com\/fr\/wp-json\/wp\/v2\/product_tag?post=1685"}],"curies":[{"name":"wp","href":"https:\/\/api.w.org\/{rel}","templated":true}]}}