{"id":1638,"date":"2025-06-09T10:30:26","date_gmt":"2025-06-09T08:30:26","guid":{"rendered":"https:\/\/petpassid.com\/?post_type=product&#038;p=1638"},"modified":"2026-01-17T12:39:52","modified_gmt":"2026-01-17T10:39:52","slug":"pet-pass-id-smart-tag-with-airtag-slot","status":"publish","type":"product","link":"https:\/\/petpassid.com\/es\/producto\/pet-pass-id-smart-tag-with-airtag-slot\/","title":{"rendered":"Pet Pass ID - Etiqueta inteligente con ranura para AirTag"},"content":{"rendered":"<h3><strong>Pet Pass ID - Etiqueta inteligente para mascotas con ranura AirTag<\/strong><\/h3>\n<p><em>Tranquilidad: siempre con tu mascota.<\/em><\/p>\n<h4><strong>\u00bfPor qu\u00e9 elegir Pet Pass ID?<\/strong><\/h4>\n<p>Cuando tu mascota desaparece, cada segundo cuenta.<br \/>\nEl nuevo <strong>Pet Pass ID con ranura AirTag<\/strong> te ayuda a reunirte m\u00e1s r\u00e1pidamente, con o sin localizaci\u00f3n por GPS.<\/p>\n<p>Esta etiqueta inteligente combina <strong>NFC<\/strong>, <strong>C\u00f3digo QR<\/strong>y <strong>AirTag opcional<\/strong> en una soluci\u00f3n duradera y elegante.<\/p>\n<h4><strong>Caracter\u00edsticas principales<\/strong><\/h4>\n<p>\u2705 <strong>Tecnolog\u00eda 3 en 1<\/strong>: Preparado para NFC + QR + AirTag<br \/>\n\u2705 <strong>Funciona con cualquier smartphone<\/strong> - no se necesita app<br \/>\n\u2705 <strong>Acceso instant\u00e1neo<\/strong> a tu informaci\u00f3n de contacto y mensaje de emergencia<br \/>\n\u2705 <strong>Perfil de mascota personalizable<\/strong> - foto, alertas m\u00e9dicas y m\u00e1s<br \/>\n\u2705 <strong>Resistente al agua y sin pilas<\/strong> - nunca se agota<br \/>\n\u2705 <strong>Brilla en la oscuridad<\/strong> - para paseos nocturnos seguros<br \/>\n\u2705 <strong>Enlaza el Instagram o TikTok de tu mascota<\/strong><br \/>\n\u2705 <strong>Ubicaci\u00f3n compartida<\/strong> al insertar la AirTag*.<\/p>\n<blockquote><p>*AirTag no incluido. La etiqueta tambi\u00e9n funciona sin ella.<\/p><\/blockquote>\n<p>&nbsp;<\/p>\n<p><a href=\"https:\/\/petpassid.com\/wp-content\/uploads\/2025\/06\/pet-pass-id-airtag.webp\"><img loading=\"lazy\" decoding=\"async\" class=\"alignnone wp-image-1701 size-full\" src=\"https:\/\/petpassid.com\/wp-content\/uploads\/2025\/06\/pet-pass-id-airtag.webp\" alt=\"\" width=\"1000\" height=\"1000\" srcset=\"https:\/\/petpassid.com\/wp-content\/uploads\/2025\/06\/pet-pass-id-airtag.webp 1000w, https:\/\/petpassid.com\/wp-content\/uploads\/2025\/06\/pet-pass-id-airtag-300x300.webp 300w, https:\/\/petpassid.com\/wp-content\/uploads\/2025\/06\/pet-pass-id-airtag-150x150.webp 150w, https:\/\/petpassid.com\/wp-content\/uploads\/2025\/06\/pet-pass-id-airtag-768x768.webp 768w, https:\/\/petpassid.com\/wp-content\/uploads\/2025\/06\/pet-pass-id-airtag-12x12.webp 12w, https:\/\/petpassid.com\/wp-content\/uploads\/2025\/06\/pet-pass-id-airtag-600x600.webp 600w, https:\/\/petpassid.com\/wp-content\/uploads\/2025\/06\/pet-pass-id-airtag-100x100.webp 100w\" sizes=\"auto, (max-width: 1000px) 100vw, 1000px\" \/><\/a><\/p>\n<h4><strong>Mejor que un microchip<\/strong><\/h4>\n<p>A diferencia de un chip que requiere que lo escanee un veterinario, el Pet Pass ID puede ser le\u00eddo por cualquier smartphone. Cualquiera que encuentre a tu mascota puede ver al instante tu informaci\u00f3n de contacto y seguridad, incluso en el parque, en la calle o de noche.<\/p>\n<p>Sin retrasos. Sin estr\u00e9s. S\u00f3lo ayuda, de inmediato.<\/p>","protected":false},"excerpt":{"rendered":"<p>Pet Pass ID \u2013 Smart Pet Tag with AirTag Slot Peace of mind \u2013 always with your pet. Why choose Pet Pass ID? When your pet goes missing, every second counts. The new Pet Pass ID with AirTag slot helps reunite you faster \u2013 with or without GPS tracking. This smart tag combines NFC, QR [&hellip;]<\/p>\n","protected":false},"featured_media":1707,"comment_status":"open","ping_status":"closed","template":"","meta":{"_seopress_robots_primary_cat":"none","_seopress_titles_title":"Pet Pass ID - Smart Tag with AirTag Slot + NFC and QR Code","_seopress_titles_desc":"Unlike a chip that requires a vet to scan, Pet Pass ID can be read by any smartphone. Whoho finds a pet can instantly see contact and safety info 0-24.","_seopress_robots_index":""},"product_brand":[],"product_cat":[20],"product_tag":[39,22,24,23,21],"class_list":{"0":"post-1638","1":"product","2":"type-product","3":"status-publish","4":"has-post-thumbnail","6":"product_cat-safety-pet-billet","7":"product_tag-airtag","8":"product_tag-billet","9":"product_tag-digital","10":"product_tag-nfc","11":"product_tag-pet","13":"first","14":"instock","15":"taxable","16":"shipping-taxable","17":"purchasable","18":"product-type-simple"},"_links":{"self":[{"href":"https:\/\/petpassid.com\/es\/wp-json\/wp\/v2\/product\/1638","targetHints":{"allow":["GET"]}}],"collection":[{"href":"https:\/\/petpassid.com\/es\/wp-json\/wp\/v2\/product"}],"about":[{"href":"https:\/\/petpassid.com\/es\/wp-json\/wp\/v2\/types\/product"}],"replies":[{"embeddable":true,"href":"https:\/\/petpassid.com\/es\/wp-json\/wp\/v2\/comments?post=1638"}],"wp:featuredmedia":[{"embeddable":true,"href":"https:\/\/petpassid.com\/es\/wp-json\/wp\/v2\/media\/1707"}],"wp:attachment":[{"href":"https:\/\/petpassid.com\/es\/wp-json\/wp\/v2\/media?parent=1638"}],"wp:term":[{"taxonomy":"product_brand","embeddable":true,"href":"https:\/\/petpassid.com\/es\/wp-json\/wp\/v2\/product_brand?post=1638"},{"taxonomy":"product_cat","embeddable":true,"href":"https:\/\/petpassid.com\/es\/wp-json\/wp\/v2\/product_cat?post=1638"},{"taxonomy":"product_tag","embeddable":true,"href":"https:\/\/petpassid.com\/es\/wp-json\/wp\/v2\/product_tag?post=1638"}],"curies":[{"name":"wp","href":"https:\/\/api.w.org\/{rel}","templated":true}]}}